{"id":30,"date":"2022-05-21T13:10:39","date_gmt":"2022-05-21T11:10:39","guid":{"rendered":"https:\/\/www.matierebrutelab.com\/blog\/?page_id=30"},"modified":"2022-10-19T10:53:45","modified_gmt":"2022-10-19T08:53:45","slug":"page-daccueil","status":"publish","type":"page","link":"https:\/\/www.matierebrutelab.com\/blog\/","title":{"rendered":"Page d&rsquo;accueil"},"content":{"rendered":"","protected":false},"excerpt":{"rendered":"","protected":false},"author":7,"featured_media":0,"parent":0,"menu_order":0,"comment_status":"closed","ping_status":"closed","template":"","meta":{"_acf_changed":false,"footnotes":""},"class_list":["post-30","page","type-page","status-publish","hentry"],"acf":[],"yoast_head":"<!-- This site is optimized with the Yoast SEO plugin v27.0 - https:\/\/yoast.com\/product\/yoast-seo-wordpress\/ -->\n<title>Le blog beaut\u00e9 de Mati\u00e8re Brute Lab<\/title>\n<meta name=\"description\" content=\"D\u00e9couvrez le blog beaut\u00e9 de Mati\u00e8re Brute Lab : conseils, recettes, lifestyle pour toutes les saisons. Le blog de la cosm\u00e9tique autrement.\" \/>\n<meta name=\"robots\" content=\"index, follow, max-snippet:-1, max-image-preview:large, max-video-preview:-1\" \/>\n<link rel=\"canonical\" href=\"https:\/\/www.matierebrutelab.com\/blog\/\" \/>\n<meta property=\"og:locale\" content=\"fr_FR\" \/>\n<meta property=\"og:type\" content=\"article\" \/>\n<meta property=\"og:title\" content=\"Le blog beaut\u00e9 de Mati\u00e8re Brute Lab\" \/>\n<meta property=\"og:description\" content=\"D\u00e9couvrez le blog beaut\u00e9 de Mati\u00e8re Brute Lab : conseils, recettes, lifestyle pour toutes les saisons. Le blog de la cosm\u00e9tique autrement.\" \/>\n<meta property=\"og:url\" content=\"https:\/\/www.matierebrutelab.com\/blog\/\" \/>\n<meta property=\"og:site_name\" content=\"Mati\u00e8re Brute Lab\" \/>\n<meta property=\"article:publisher\" content=\"https:\/\/www.facebook.com\/matierebrutelab\/\" \/>\n<meta property=\"article:modified_time\" content=\"2022-10-19T08:53:45+00:00\" \/>\n<meta name=\"twitter:card\" content=\"summary_large_image\" \/>\n<meta name=\"twitter:site\" content=\"@matierebrutelab\" \/>\n<script type=\"application\/ld+json\" class=\"yoast-schema-graph\">{\"@context\":\"https:\/\/schema.org\",\"@graph\":[{\"@type\":\"WebPage\",\"@id\":\"https:\/\/www.matierebrutelab.com\/blog\/\",\"url\":\"https:\/\/www.matierebrutelab.com\/blog\/\",\"name\":\"Le blog beaut\u00e9 de Mati\u00e8re Brute Lab\",\"isPartOf\":{\"@id\":\"https:\/\/www.matierebrutelab.com\/blog\/#website\"},\"datePublished\":\"2022-05-21T11:10:39+00:00\",\"dateModified\":\"2022-10-19T08:53:45+00:00\",\"description\":\"D\u00e9couvrez le blog beaut\u00e9 de Mati\u00e8re Brute Lab : conseils, recettes, lifestyle pour toutes les saisons. Le blog de la cosm\u00e9tique autrement.\",\"breadcrumb\":{\"@id\":\"https:\/\/www.matierebrutelab.com\/blog\/#breadcrumb\"},\"inLanguage\":\"fr-FR\",\"potentialAction\":[{\"@type\":\"ReadAction\",\"target\":[\"https:\/\/www.matierebrutelab.com\/blog\/\"]}]},{\"@type\":\"BreadcrumbList\",\"@id\":\"https:\/\/www.matierebrutelab.com\/blog\/#breadcrumb\",\"itemListElement\":[{\"@type\":\"ListItem\",\"position\":1,\"name\":\"Accueil\",\"item\":\"https:\/\/www.matierebrutelab.com\/blog\/\"},{\"@type\":\"ListItem\",\"position\":2,\"name\":\"Page d&rsquo;accueil\"}]},{\"@type\":\"WebSite\",\"@id\":\"https:\/\/www.matierebrutelab.com\/blog\/#website\",\"url\":\"https:\/\/www.matierebrutelab.com\/blog\/\",\"name\":\"Mati\u00e8re Brute Lab\",\"description\":\"\",\"publisher\":{\"@id\":\"https:\/\/www.matierebrutelab.com\/blog\/#organization\"},\"potentialAction\":[{\"@type\":\"SearchAction\",\"target\":{\"@type\":\"EntryPoint\",\"urlTemplate\":\"https:\/\/www.matierebrutelab.com\/blog\/?s={search_term_string}\"},\"query-input\":{\"@type\":\"PropertyValueSpecification\",\"valueRequired\":true,\"valueName\":\"search_term_string\"}}],\"inLanguage\":\"fr-FR\"},{\"@type\":\"Organization\",\"@id\":\"https:\/\/www.matierebrutelab.com\/blog\/#organization\",\"name\":\"Mati\u00e8re Brute Lab\",\"url\":\"https:\/\/www.matierebrutelab.com\/blog\/\",\"logo\":{\"@type\":\"ImageObject\",\"inLanguage\":\"fr-FR\",\"@id\":\"https:\/\/www.matierebrutelab.com\/blog\/#\/schema\/logo\/image\/\",\"url\":\"https:\/\/www.matierebrutelab.com\/blog\/wp-content\/uploads\/2022\/08\/matiere-brut-lab-logo-1622535226.png\",\"contentUrl\":\"https:\/\/www.matierebrutelab.com\/blog\/wp-content\/uploads\/2022\/08\/matiere-brut-lab-logo-1622535226.png\",\"width\":500,\"height\":260,\"caption\":\"Mati\u00e8re Brute Lab\"},\"image\":{\"@id\":\"https:\/\/www.matierebrutelab.com\/blog\/#\/schema\/logo\/image\/\"},\"sameAs\":[\"https:\/\/www.facebook.com\/matierebrutelab\/\",\"https:\/\/x.com\/matierebrutelab\",\"https:\/\/www.instagram.com\/matiere_brute_lab\/\"]}]}<\/script>\n<!-- \/ Yoast SEO plugin. -->","yoast_head_json":{"title":"Le blog beaut\u00e9 de Mati\u00e8re Brute Lab","description":"D\u00e9couvrez le blog beaut\u00e9 de Mati\u00e8re Brute Lab : conseils, recettes, lifestyle pour toutes les saisons. Le blog de la cosm\u00e9tique autrement.","robots":{"index":"index","follow":"follow","max-snippet":"max-snippet:-1","max-image-preview":"max-image-preview:large","max-video-preview":"max-video-preview:-1"},"canonical":"https:\/\/www.matierebrutelab.com\/blog\/","og_locale":"fr_FR","og_type":"article","og_title":"Le blog beaut\u00e9 de Mati\u00e8re Brute Lab","og_description":"D\u00e9couvrez le blog beaut\u00e9 de Mati\u00e8re Brute Lab : conseils, recettes, lifestyle pour toutes les saisons. Le blog de la cosm\u00e9tique autrement.","og_url":"https:\/\/www.matierebrutelab.com\/blog\/","og_site_name":"Mati\u00e8re Brute Lab","article_publisher":"https:\/\/www.facebook.com\/matierebrutelab\/","article_modified_time":"2022-10-19T08:53:45+00:00","twitter_card":"summary_large_image","twitter_site":"@matierebrutelab","schema":{"@context":"https:\/\/schema.org","@graph":[{"@type":"WebPage","@id":"https:\/\/www.matierebrutelab.com\/blog\/","url":"https:\/\/www.matierebrutelab.com\/blog\/","name":"Le blog beaut\u00e9 de Mati\u00e8re Brute Lab","isPartOf":{"@id":"https:\/\/www.matierebrutelab.com\/blog\/#website"},"datePublished":"2022-05-21T11:10:39+00:00","dateModified":"2022-10-19T08:53:45+00:00","description":"D\u00e9couvrez le blog beaut\u00e9 de Mati\u00e8re Brute Lab : conseils, recettes, lifestyle pour toutes les saisons. Le blog de la cosm\u00e9tique autrement.","breadcrumb":{"@id":"https:\/\/www.matierebrutelab.com\/blog\/#breadcrumb"},"inLanguage":"fr-FR","potentialAction":[{"@type":"ReadAction","target":["https:\/\/www.matierebrutelab.com\/blog\/"]}]},{"@type":"BreadcrumbList","@id":"https:\/\/www.matierebrutelab.com\/blog\/#breadcrumb","itemListElement":[{"@type":"ListItem","position":1,"name":"Accueil","item":"https:\/\/www.matierebrutelab.com\/blog\/"},{"@type":"ListItem","position":2,"name":"Page d&rsquo;accueil"}]},{"@type":"WebSite","@id":"https:\/\/www.matierebrutelab.com\/blog\/#website","url":"https:\/\/www.matierebrutelab.com\/blog\/","name":"Mati\u00e8re Brute Lab","description":"","publisher":{"@id":"https:\/\/www.matierebrutelab.com\/blog\/#organization"},"potentialAction":[{"@type":"SearchAction","target":{"@type":"EntryPoint","urlTemplate":"https:\/\/www.matierebrutelab.com\/blog\/?s={search_term_string}"},"query-input":{"@type":"PropertyValueSpecification","valueRequired":true,"valueName":"search_term_string"}}],"inLanguage":"fr-FR"},{"@type":"Organization","@id":"https:\/\/www.matierebrutelab.com\/blog\/#organization","name":"Mati\u00e8re Brute Lab","url":"https:\/\/www.matierebrutelab.com\/blog\/","logo":{"@type":"ImageObject","inLanguage":"fr-FR","@id":"https:\/\/www.matierebrutelab.com\/blog\/#\/schema\/logo\/image\/","url":"https:\/\/www.matierebrutelab.com\/blog\/wp-content\/uploads\/2022\/08\/matiere-brut-lab-logo-1622535226.png","contentUrl":"https:\/\/www.matierebrutelab.com\/blog\/wp-content\/uploads\/2022\/08\/matiere-brut-lab-logo-1622535226.png","width":500,"height":260,"caption":"Mati\u00e8re Brute Lab"},"image":{"@id":"https:\/\/www.matierebrutelab.com\/blog\/#\/schema\/logo\/image\/"},"sameAs":["https:\/\/www.facebook.com\/matierebrutelab\/","https:\/\/x.com\/matierebrutelab","https:\/\/www.instagram.com\/matiere_brute_lab\/"]}]}},"_links":{"self":[{"href":"https:\/\/www.matierebrutelab.com\/blog\/wp-json\/wp\/v2\/pages\/30","targetHints":{"allow":["GET"]}}],"collection":[{"href":"https:\/\/www.matierebrutelab.com\/blog\/wp-json\/wp\/v2\/pages"}],"about":[{"href":"https:\/\/www.matierebrutelab.com\/blog\/wp-json\/wp\/v2\/types\/page"}],"author":[{"embeddable":true,"href":"https:\/\/www.matierebrutelab.com\/blog\/wp-json\/wp\/v2\/users\/7"}],"replies":[{"embeddable":true,"href":"https:\/\/www.matierebrutelab.com\/blog\/wp-json\/wp\/v2\/comments?post=30"}],"version-history":[{"count":1,"href":"https:\/\/www.matierebrutelab.com\/blog\/wp-json\/wp\/v2\/pages\/30\/revisions"}],"predecessor-version":[{"id":2386,"href":"https:\/\/www.matierebrutelab.com\/blog\/wp-json\/wp\/v2\/pages\/30\/revisions\/2386"}],"wp:attachment":[{"href":"https:\/\/www.matierebrutelab.com\/blog\/wp-json\/wp\/v2\/media?parent=30"}],"curies":[{"name":"wp","href":"https:\/\/api.w.org\/{rel}","templated":true}]}}